{"id":23,"date":"2010-05-10T23:57:29","date_gmt":"2010-05-10T23:57:29","guid":{"rendered":"http:\/\/martin-benninghoff.de\/?page_id=23"},"modified":"2023-09-25T17:09:15","modified_gmt":"2023-09-25T15:09:15","slug":"vita","status":"publish","type":"page","link":"http:\/\/martin-benninghoff.de\/?page_id=23","title":{"rendered":"Vita"},"content":{"rendered":"<h2><a href=\"http:\/\/martin-benninghoff.de\/vita\/img_20210621_222856_945\/\" rel=\"attachment wp-att-3049\"><img loading=\"lazy\" decoding=\"async\" class=\"alignright  wp-image-3049\" src=\"http:\/\/martin-benninghoff.de\/WP\/index\/wp-content\/uploads\/2021\/11\/IMG_20210621_222856_945-1024x1024.jpg\" alt=\"\" width=\"242\" height=\"242\" srcset=\"http:\/\/martin-benninghoff.de\/WP\/index\/wp-content\/uploads\/2021\/11\/IMG_20210621_222856_945-1024x1024.jpg 1024w, http:\/\/martin-benninghoff.de\/WP\/index\/wp-content\/uploads\/2021\/11\/IMG_20210621_222856_945-300x300.jpg 300w, http:\/\/martin-benninghoff.de\/WP\/index\/wp-content\/uploads\/2021\/11\/IMG_20210621_222856_945-150x150.jpg 150w, http:\/\/martin-benninghoff.de\/WP\/index\/wp-content\/uploads\/2021\/11\/IMG_20210621_222856_945-768x768.jpg 768w, http:\/\/martin-benninghoff.de\/WP\/index\/wp-content\/uploads\/2021\/11\/IMG_20210621_222856_945.jpg 1080w\" sizes=\"(max-width: 242px) 100vw, 242px\" \/><\/a><\/h2>\n<h2>Geboren<\/h2>\n<p>Ja! Und zwar am 28. August 1979 in Bonn.<\/p>\n<h2>\u00a0<\/h2>\n<h2>Leben<\/h2>\n<p>Im Uhrzeigersinn: fr\u00fcher K\u00f6ln, Hamburg, dann Berlin,\u00a0 jetzt N\u00e4he Frankfurt\/Main<\/p>\n<p>Alles gemeinsam mit Miriam Benninghoff-Moskopp, Kinder- und Jugendlichenpsychotherapeutin, 1 Sohn\u00a0<\/p>\n<h2>\u00a0<\/h2>\n<h2>Ausbildung und Studium<\/h2>\n<p>2021: Executive Master of Arts in (Digital) Journalism, <a href=\"https:\/\/www.hamburgmediaschool.com\/\">Hamburg Media School<\/a> und <a href=\"https:\/\/www.uni-hamburg.de\/\">Universit\u00e4t Hamburg\u00a0<\/a><\/p>\n<p>2006: Diplom-Politikwissenschaftler (Sozialwissenschaften, VWL), Universit\u00e4t K\u00f6ln (<a href=\"http:\/\/www.uni-koeln.de\">www.uni-koeln.de<\/a>)<\/p>\n<p>2005: Fachjournalist f\u00fcr Politik und Wirtschaft, K\u00f6lner Journalistenschule f\u00fcr Politik und Wirtschaft e.V. (<a href=\"http:\/\/www.koelnerjournalistenschule.de\">www.koelnerjournalistenschule.de<\/a>)<\/p>\n<p>2003: Grundstudium Diplom-Volkswirtschaftslehre sozialwissenschaftlicher Richtung, Universit\u00e4t K\u00f6ln<\/p>\n<p>1999: Abitur, St\u00e4dtisches Gymnasium Rheinbach (<a href=\"http:\/\/www.sg-rheinbach.de\">www.sg-rheinbach.de<\/a>)<\/p>\n<h4>\u00a0<\/h4>\n<h2>Beruf und Wegmarken<\/h2>\n<p><strong>Seit 2023: <\/strong>Korrespondent in der Auslandsredaktion beim <a href=\"https:\/\/www.handelsblatt.com\/\">&#8222;HANDELSBLATT&#8220;. <\/a><\/p>\n<p>Kontakt: benninghoff@handelsblatt.com<\/p>\n<p><strong>2022-2023: <\/strong>Politik-Ressortleiter der <a href=\"https:\/\/www.fr.de\/\">&#8222;FRANKFURTER RUNDSCHAU&#8220;<\/a>\u00a0<\/p>\n<p><strong>2016-2022:<\/strong> Redakteur <a href=\"http:\/\/www.faz.net\">&#8222;FRANKFURTER ALLGEMEINE ZEITUNG&#8220;<\/a><\/p>\n<p><strong>2020:<\/strong> Ver\u00f6ffentlichung des Buches <a href=\"https:\/\/www.emf-verlag.de\/produkt\/soundtrack-deutschland\/\"><em>&#8222;Soundtrack Deutschland &#8211; Wie Musik Made in Germany unser Land pr\u00e4gt&#8220;<\/em><\/a> (EMF-Verlag, gemeinsam mit Oliver Georgi, V\u00d6 03.11.2020)<\/p>\n<p><strong>2019:<\/strong> Ver\u00f6ffentlichung des Buches <em>&#8222;Der Spieler &#8211; Wie Kim Jong-un die Welt in Atem h\u00e4lt&#8220;<\/em> (Klett-Cotta). <a href=\"https:\/\/www.klett-cotta.de\/autor\/Martin_Benninghoff\/107045\">Zur Vita auf Klett-Cotta.de<\/a><\/p>\n<p><strong>2014-2015:<\/strong> Redakteur bei <a href=\"http:\/\/daserste.ndr.de\/guentherjauch\/\">&#8222;G\u00dcNTHER JAUCH&#8220;<\/a> (Polittalk 2011-2015, sonntags um 21.45 h, ARD), Moderator G\u00fcnther Jauch, Berlin<\/p>\n<p><a href=\"http:\/\/martin-benninghoff.de\/WP\/index\/wp-content\/uploads\/2015\/12\/Foto_mit_Jauch.jpg\"><img loading=\"lazy\" decoding=\"async\" class=\"alignleft wp-image-1548\" src=\"http:\/\/martin-benninghoff.de\/WP\/index\/wp-content\/uploads\/2015\/12\/Foto_mit_Jauch-300x300.jpg\" alt=\"Foto_mit_Jauch\" width=\"121\" height=\"121\" srcset=\"http:\/\/martin-benninghoff.de\/WP\/index\/wp-content\/uploads\/2015\/12\/Foto_mit_Jauch-300x300.jpg 300w, http:\/\/martin-benninghoff.de\/WP\/index\/wp-content\/uploads\/2015\/12\/Foto_mit_Jauch-150x150.jpg 150w, http:\/\/martin-benninghoff.de\/WP\/index\/wp-content\/uploads\/2015\/12\/Foto_mit_Jauch-1024x1024.jpg 1024w, http:\/\/martin-benninghoff.de\/WP\/index\/wp-content\/uploads\/2015\/12\/Foto_mit_Jauch.jpg 1280w\" sizes=\"(max-width: 121px) 100vw, 121px\" \/><\/a><\/p>\n<p><strong>2012-2013:<\/strong> Redakteur bei der<a href=\"http:\/\/www.ftd.de\"> &#8222;FINANCIAL TIMES DEUTSCHLAND&#8220;<\/a>, Ressort Agenda, Kommentarteam, Hamburg<\/p>\n<p><strong>Seit 2013 nebenberuflich:<\/strong> Journalistenb\u00fcro BenM, Autor und Journalist (u.a. f\u00fcr <a href=\"http:\/\/www.spiegel.de\/\">SPIEGEL ONLINE<\/a>), TV-Autor (u.a. f\u00fcr den<a href=\"http:\/\/www.wdr.de\"> WDR<\/a>, <a href=\"http:\/\/www.ndr.de\">NDR<\/a>), und Kolumnist bei <a href=\"http:\/\/www.opinion-club.com\">&#8222;OPINION CLUB&#8220;<\/a>, die Seite f\u00fcr Meinung und Analyse<\/p>\n<p><strong>2009-2012:<\/strong> Freier Journalist (Pauschalist, festes Engagement in der Politikredaktion des <a href=\"http:\/\/www.ksta.de\">K\u00d6LNER STADTANZEIGER<\/a>) u.a. Auftraggeber. Nebenberuflich: Musiker (<a href=\"http:\/\/www.thesmu.com\">THE SMU<\/a>)<\/p>\n<p><strong>2011:<\/strong> Ver\u00f6ffentlichung des Buches <a href=\"http:\/\/martin-benninghoff.de\/?page_id=25\">&#8222;AUFSTAND DER KOPFTUCHM\u00c4DCHEN&#8220;<\/a>, gemeinsam mit Lale Akg\u00fcn, Piper Verlag<\/p>\n<p><strong>2007-2009:<\/strong> Wissenschaftlicher Mitarbeiter der Bundestagsabgeordneten <a href=\"http:\/\/www.laleakguen.de\">Dr. Lale Akg\u00fcn<\/a>, Integrationspolitikerin, damalige Islambeauftragte der SPD-Bundestagsfraktion und Publizistin<\/p>\n<p><strong>2007-2009:<\/strong> nebenberuflich freier Schreiber f\u00fcr wechselnde Medien<\/p>\n<p><strong>2007-2009:<\/strong> nebenberuflich freier PR-Texter<\/p>\n<p><strong>2000-2006:<\/strong> personifizierte \u201eGeneration Praktikum\u201c, u.a. bei <a href=\"http:\/\/www.zeit.de\">DIE ZEIT<\/a>, <a href=\"http:\/\/tagesspiegel.de\">TAGESSPIEGEL<\/a>, Waisenhaus in Indien, <a href=\"http:\/\/www.nrw.de\">Staatskanzlei NRW<\/a>, <a href=\"http:\/\/www.faz.net\">FAZ.NET<\/a>, <a href=\"http:\/\/www.rp-online.de\">RHEINISCHE POST<\/a><\/p>\n<p><strong>1999-2000:<\/strong> Zivildienst Caritas Tagespflege Meckenheim, Pflege\u00a0 von alten und meist demenzkranken Menschen<\/p>\n<h2>\u00a0<\/h2>\n<h2>Begeisterung\u2026<\/h2>\n<p>\u2026f\u00fcr politische und gesellschaftspolitische Themen, Religions- und Integrationsdebatten, Europa und internationale Zusammenarbeit, vor allem koreanische Halbinsel, China, postsozialistische Staaten und arabischer Raum.<br \/>\u2026f\u00fcr Menschen, die ihre Aufgaben und\/oder Beruf mit Hingabe voran treiben.<br \/>&#8230;f\u00fcr Musik, Literatur, Reisen allgemein und im Besonderen Alpen und Asien, Bergsteigen.<\/p>\n<h2>\u00a0<\/h2>\n<h2>Mitgliedschaften<\/h2>\n<p><a href=\"https:\/\/www.reporter-ohne-grenzen.de\/\">Reporter ohne Grenzen<\/a><\/p>\n<p>F\u00f6rdermitglied <a href=\"http:\/\/ks-club.de\/\">Ehemaligenverein der K\u00f6lner Journalistenschule<\/a> f\u00fcr Politik und Wirtschaft &#8211; KS Club<\/p>\n<p><a href=\"https:\/\/www.alpenverein.de\/\">Deutscher Alpenverein<\/a><\/p>\n<p>F\u00f6rdermitglied <a href=\"https:\/\/hohetauern.at\/de\/\">Nationalpark Hohe Tauern<\/a>, \u00d6sterreich<\/p>\n\n\n<p><\/p>\n","protected":false},"excerpt":{"rendered":"<p>Geboren Ja! Und zwar am 28. August 1979 in Bonn. \u00a0 Leben Im Uhrzeigersinn: fr\u00fcher K\u00f6ln, Hamburg, dann Berlin,\u00a0 jetzt N\u00e4he Frankfurt\/Main Alles gemeinsam mit Miriam Benninghoff-Moskopp, Kinder- und Jugendlichenpsychotherapeutin, 1 Sohn\u00a0 \u00a0 Ausbildung und Studium 2021: Executive Master of&#8230;<\/p>\n<div class=\"more-link-wrapper\"><a class=\"more-link\" href=\"http:\/\/martin-benninghoff.de\/?page_id=23\">Weiterlesen<span class=\"screen-reader-text\">Vita<\/span><\/a><\/div>\n","protected":false},"author":1,"featured_media":3049,"parent":0,"menu_order":1,"comment_status":"closed","ping_status":"closed","template":"","meta":{"footnotes":""},"_links":{"self":[{"href":"http:\/\/martin-benninghoff.de\/index.php?rest_route=\/wp\/v2\/pages\/23"}],"collection":[{"href":"http:\/\/martin-benninghoff.de\/index.php?rest_route=\/wp\/v2\/pages"}],"about":[{"href":"http:\/\/martin-benninghoff.de\/index.php?rest_route=\/wp\/v2\/types\/page"}],"author":[{"embeddable":true,"href":"http:\/\/martin-benninghoff.de\/index.php?rest_route=\/wp\/v2\/users\/1"}],"replies":[{"embeddable":true,"href":"http:\/\/martin-benninghoff.de\/index.php?rest_route=%2Fwp%2Fv2%2Fcomments&post=23"}],"version-history":[{"count":110,"href":"http:\/\/martin-benninghoff.de\/index.php?rest_route=\/wp\/v2\/pages\/23\/revisions"}],"predecessor-version":[{"id":3111,"href":"http:\/\/martin-benninghoff.de\/index.php?rest_route=\/wp\/v2\/pages\/23\/revisions\/3111"}],"wp:featuredmedia":[{"embeddable":true,"href":"http:\/\/martin-benninghoff.de\/index.php?rest_route=\/wp\/v2\/media\/3049"}],"wp:attachment":[{"href":"http:\/\/martin-benninghoff.de\/index.php?rest_route=%2Fwp%2Fv2%2Fmedia&parent=23"}],"curies":[{"name":"wp","href":"https:\/\/api.w.org\/{rel}","templated":true}]}}