{"id":75,"date":"2010-06-17T18:56:22","date_gmt":"2010-06-17T16:56:22","guid":{"rendered":"http:\/\/martin-benninghoff.de\/?page_id=75"},"modified":"2024-01-10T21:19:58","modified_gmt":"2024-01-10T20:19:58","slug":"termine-2","status":"publish","type":"page","link":"http:\/\/martin-benninghoff.de\/?page_id=75","title":{"rendered":"Termine"},"content":{"rendered":"<p><strong>Kommende Veranstaltungen<\/strong><\/p>\n<ul>\n<li><i>Werden in K\u00fcrze bekanntgegeben.<\/i><\/li>\n<\/ul>\n<p><strong>Vergangene Veranstaltungen<\/strong><\/p>\n<ul>\n<li><em>Donnerstag, 26.09.2019, 11.30-12.15 h:<\/em> Fake News: Was ist die Wahrheit? Moderation, G\u00e4ste: Dunya Hayali (ZDF), Stefan Vo\u00df (dpa), Tania R\u00f6ttger (Correctiv), <a href=\"https:\/\/fazkongress.de\/programm\/\">F.A.Z. Kongress im &#8222;Kap Europa&#8220;<\/a>, Frankfurt\/Main \u00a0<\/li>\n<li><em>Montag, 30.09.2019, Beginn 19 h:<\/em> &#8222;DER SPIELER &#8211; Wie Kim Jong-un die Welt in Atem h\u00e4lt&#8220;. Vortrag und Diskussion, <a href=\"https:\/\/www.hospitalhof.de\/programm\/300919-wie-kim-jong-un-die-welt-in-atem-haelt\/\">Hospitalhof<\/a>, Bildungsakademie der Evangelischen Kirche, Stuttgart<\/li>\n<li>Mittwoch, 16.10.2019, Beginn 16.40 h: &#8222;DER SPIELER &#8211; Wie Kim Jong-un die Welt in Atem h\u00e4lt&#8220;, <a href=\"https:\/\/www.faz.net\/aktuell\/feuilleton\/buchmesse\/frankfurter-buchmesse-2019-programm-am-f-a-z-stand-16422999.html\">Gespr\u00e4ch am Stand der F.A.Z., Frankfurter Buchmesse<\/a>, Moderation: Livia Gerster (F.A.S.)<\/li>\n<li>Freitag, 08.11.2019, Beginn 20 h: <a href=\"https:\/\/www.urania.de\/nordkorea-wie-kim-jong-un-die-welt-atem-haelt\">&#8222;DER SPIELER &#8211; Wie Kim Jong-un die Welt in Atem h\u00e4lt&#8220;<\/a>, Vortrag und Diskussion, Urania, Berlin, Gast: Nicolai Sprekels, Vorstandssprecher von SARAM, Stiftung f\u00fcr Menschenrechte in Nordkorea<\/li>\n<li>Mittwoch, 27.11.2019, 19 h: WDR-2-Talk bei J\u00f6rg Thadeusz<\/li>\n<li>Donnerstag, 05.03.2020, Beginn 19.30 h: &#8222;DER SPIELER &#8211; Wie Kim Jong-un die Welt in Atem h\u00e4lt&#8220;, <a href=\"https:\/\/www.vhs-calw.de\/kurse\/suche\/L10086\/?seite=1&amp;q=benninghoff\">Vortrag und Diskussion, VHS, Calw (Ba-W\u00fc), Kirchplatz 3, 75365 Calw<\/a><\/li>\n<li>Samstag, 09.05.2020, Beginn 18 h: &#8222;DER SPIELER &#8211; Wie Kim Jong-un die Welt in Atem h\u00e4lt&#8220;, Gespr\u00e4ch, Evangelische Kirchengemeinde, 53913 Swisttal-Heimerzheim, <a href=\"file:\/\/\/C:\/Users\/Benninghoff\/Downloads\/MAM20Website(1).pdf\">hier lesen Sie mehr,<\/a> (ACHTUNG: F\u00c4LLT CORONABEDINGT AUS UND WIRD VERSCHOBEN)<\/li>\n<li>Donnerstag, 21.05.2020, Beginn 19 Uhr: Ideainfection, Diskussion auf Instagram \u00fcber &#8222;Deutschland spricht&#8220;<\/li>\n<li>Donnerstag, 25.06.2020, Virtuelle Podiumsdiskussion in Berlin, Koreanisches Kulturzentrum: zum 70. Jahrestag Koreakrieg. <a href=\"https:\/\/kulturkorea.org\/de\/veranstaltungen\/jahrestage-im-fokus-25-juni-1950-beginn-des-koreakrieges\">Hier kommen Sie zur Aufzeichnung.<\/a><\/li>\n<li>Mittwoch, 01.07.2020, Virtuelle Diskussion mit dem Verein SARAM &#8211; VEREIN F\u00dcR MENSCHENRECHTE<\/li>\n<li><em>Sonntag, 18.09.2022, 12.03 h, ARD, Presseclub:<\/em> &#8222;Ukraine auf dem Vormarsch, Scholz unter Druck: Welche Rolle spielt Deutschland?&#8220;<\/li>\n<li><em>Mittwoch, 15.11.2023, 18 h: Kims Bombe &#8211; Gefahr f\u00fcr die Welt? <\/em>Vortrag und Diskussion bei der VHS Neuss<\/li>\n<\/ul>\n\n\n<p><strong>Und das sagen die Medien: <\/strong><\/p>\n\n\n\n<p>&#8222;Es sind ganz konkrete Kleinigkeiten, die den Vortrag in Calw interessant machen.&#8220; <a href=\"https:\/\/www.schwarzwaelder-bote.de\/inhalt.calw-kim-jong-un-lernte-einst-deutsch.837c6f9e-253b-4f41-a608-707a2edff167.html\">Hier kommen Sie zum Bericht.<\/a> <\/p>\n\n\n\n<p><em>Peer Meinert, Schwarzw\u00e4lderbote<\/em><\/p>\n","protected":false},"excerpt":{"rendered":"<p>Kommende Veranstaltungen Werden in K\u00fcrze bekanntgegeben. Vergangene Veranstaltungen Donnerstag, 26.09.2019, 11.30-12.15 h: Fake News: Was ist die Wahrheit? Moderation, G\u00e4ste: Dunya Hayali (ZDF), Stefan Vo\u00df (dpa), Tania R\u00f6ttger (Correctiv), F.A.Z. Kongress im &#8222;Kap Europa&#8220;, Frankfurt\/Main \u00a0 Montag, 30.09.2019, Beginn 19&#8230;<\/p>\n<div class=\"more-link-wrapper\"><a class=\"more-link\" href=\"http:\/\/martin-benninghoff.de\/?page_id=75\">Weiterlesen<span class=\"screen-reader-text\">Termine<\/span><\/a><\/div>\n","protected":false},"author":1,"featured_media":0,"parent":0,"menu_order":6,"comment_status":"open","ping_status":"open","template":"","meta":{"footnotes":""},"_links":{"self":[{"href":"http:\/\/martin-benninghoff.de\/index.php?rest_route=\/wp\/v2\/pages\/75"}],"collection":[{"href":"http:\/\/martin-benninghoff.de\/index.php?rest_route=\/wp\/v2\/pages"}],"about":[{"href":"http:\/\/martin-benninghoff.de\/index.php?rest_route=\/wp\/v2\/types\/page"}],"author":[{"embeddable":true,"href":"http:\/\/martin-benninghoff.de\/index.php?rest_route=\/wp\/v2\/users\/1"}],"replies":[{"embeddable":true,"href":"http:\/\/martin-benninghoff.de\/index.php?rest_route=%2Fwp%2Fv2%2Fcomments&post=75"}],"version-history":[{"count":70,"href":"http:\/\/martin-benninghoff.de\/index.php?rest_route=\/wp\/v2\/pages\/75\/revisions"}],"predecessor-version":[{"id":3113,"href":"http:\/\/martin-benninghoff.de\/index.php?rest_route=\/wp\/v2\/pages\/75\/revisions\/3113"}],"wp:attachment":[{"href":"http:\/\/martin-benninghoff.de\/index.php?rest_route=%2Fwp%2Fv2%2Fmedia&parent=75"}],"curies":[{"name":"wp","href":"https:\/\/api.w.org\/{rel}","templated":true}]}}